{"id":3777,"date":"2021-06-04T00:14:59","date_gmt":"2021-06-04T00:14:59","guid":{"rendered":"https:\/\/familyday.faba.be\/programme-2\/"},"modified":"2024-05-03T15:04:49","modified_gmt":"2024-05-03T15:04:49","slug":"informations","status":"publish","type":"page","link":"https:\/\/familyday.faba.be\/fr\/informations\/","title":{"rendered":"Informations"},"content":{"rendered":"<div class=\"fusion-fullwidth fullwidth-box fusion-builder-row-1 fusion-flex-container nonhundred-percent-fullwidth non-hundred-percent-height-scrolling\" style=\"--awb-border-radius-top-left:0px;--awb-border-radius-top-right:0px;--awb-border-radius-bottom-right:0px;--awb-border-radius-bottom-left:0px;--awb-padding-top:6%;--awb-padding-bottom:6%;--awb-flex-wrap:wrap;\" ><div class=\"fusion-builder-row fusion-row fusion-flex-align-items-center fusion-flex-content-wrap\" style=\"max-width:1331.2px;margin-left: calc(-4% \/ 2 );margin-right: calc(-4% \/ 2 );\"><div class=\"fusion-layout-column fusion_builder_column fusion-builder-column-0 fusion_builder_column_1_1 1_1 fusion-flex-column\" style=\"--awb-bg-size:cover;--awb-width-large:100%;--awb-margin-top-large:20px;--awb-spacing-right-large:1.92%;--awb-margin-bottom-large:20px;--awb-spacing-left-large:1.92%;--awb-width-medium:100%;--awb-spacing-right-medium:1.92%;--awb-spacing-left-medium:1.92%;--awb-width-small:100%;--awb-spacing-right-small:1.92%;--awb-spacing-left-small:1.92%;\"><div class=\"fusion-column-wrapper fusion-column-has-shadow fusion-flex-justify-content-center fusion-content-layout-column\"><div class=\"fusion-title title fusion-title-1 fusion-sep-none fusion-title-text fusion-title-size-two\" style=\"--awb-text-color:#a11128;--awb-margin-top:0px;\"><h2 class=\"fusion-title-heading title-heading-left md-text-align-center fusion-responsive-typography-calculated\" style=\"margin:0;--fontSize:60;line-height:1.18;\">Informations importantes<\/h2><\/div><\/div><\/div><div class=\"fusion-layout-column fusion_builder_column fusion-builder-column-1 fusion_builder_column_1_1 1_1 fusion-flex-column\" style=\"--awb-bg-size:cover;--awb-width-large:100%;--awb-margin-top-large:20px;--awb-spacing-right-large:1.92%;--awb-margin-bottom-large:20px;--awb-spacing-left-large:1.92%;--awb-width-medium:100%;--awb-spacing-right-medium:1.92%;--awb-spacing-left-medium:1.92%;--awb-width-small:100%;--awb-spacing-right-small:1.92%;--awb-spacing-left-small:1.92%;\"><div class=\"fusion-column-wrapper fusion-column-has-shadow fusion-flex-justify-content-center fusion-content-layout-column\"><div class=\"fusion-title title fusion-title-2 fusion-sep-none fusion-title-text fusion-title-size-three\" style=\"--awb-text-color:#a11128;--awb-margin-top:0px;\"><h3 class=\"fusion-title-heading title-heading-left md-text-align-center fusion-responsive-typography-calculated\" style=\"margin:0;--fontSize:27;line-height:1.3;\">Sur invitation<\/h3><\/div><div class=\"fusion-text fusion-text-1\"><p>Cet \u00e9v\u00e8nement est exclusivement r\u00e9serv\u00e9 aux membres de la FEGC avec leur famille (max. 5 personnes par commande, sauf exception) et certains stakeholders invit\u00e9s.<\/p>\n<p>Max. 50 tickets par entreprise. Ensuite, une liste d&rsquo;attente sera \u00e9tablie et sera diffus\u00e9e le 9 ao\u00fbt s&rsquo;il reste des places.<\/p>\n<p>Votre ticket d\u2019entr\u00e9e et tickets de parking ne sont PAS envoy\u00e9s \u00e0 l\u2019avance! \u00a0Vous recevrez une enveloppe avec tous les document le jour m\u00eame.<\/p>\n<\/div><div class=\"fusion-separator fusion-full-width-sep\" style=\"align-self: center;margin-left: auto;margin-right: auto;margin-bottom:35px;width:100%;\"><\/div><div class=\"fusion-title title fusion-title-3 fusion-sep-none fusion-title-text fusion-title-size-three\" style=\"--awb-text-color:#a11128;--awb-margin-top:0px;\"><h3 class=\"fusion-title-heading title-heading-left md-text-align-center fusion-responsive-typography-calculated\" style=\"margin:0;--fontSize:27;line-height:1.3;\">Annulation<\/h3><\/div><div class=\"fusion-text fusion-text-2\"><p>En cas d\u2019annulation avant le 9 ao\u00fbt, vous serez rembours\u00e9.<\/p>\n<p>En cas d\u2019annulation apr\u00e8s le 9 ao\u00fbt sans motif ou en cas de \u00ab\u00a0no-show\u00a0\u00bb, vous serez factur\u00e9 100\u20ac par personne inscrite.<\/p>\n<\/div><div class=\"fusion-separator fusion-full-width-sep\" style=\"align-self: center;margin-left: auto;margin-right: auto;margin-bottom:35px;width:100%;\"><\/div><div class=\"fusion-title title fusion-title-4 fusion-sep-none fusion-title-text fusion-title-size-three\" style=\"--awb-text-color:#a11128;--awb-margin-top:0px;\"><h3 class=\"fusion-title-heading title-heading-left md-text-align-center fusion-responsive-typography-calculated\" style=\"margin:0;--fontSize:27;line-height:1.3;\">Acc\u00e8s au Parc en voiture<\/h3><\/div><div class=\"fusion-text fusion-text-3\"><p>Pairi Daiza est situ\u00e9 \u00e0 Brugelette, entre Mons et Ath.<\/p>\n<p><strong>Adresse<\/strong>\u00a0<strong>:<\/strong>\u00a0<strong>Pairi Daiza &#8211; Domaine de Cambron \u00e0 B-7940 Brugelette (Belgique)<\/strong><\/p>\n<p><strong>GPS<\/strong>\u00a0<strong>:<\/strong>\u00a0Encoder\u00a0<strong>\u00ab Le Domaine 1 \u00e0 7940 Brugelette \u00bb<\/strong><\/p>\n<p><em>ATTENTION : Si vous venez en voiture depuis la E429, arriv\u00e9s \u00e0 proximit\u00e9 du village de Gages, oubliez votre GPS et Waze ! Pour respecter la tranquillit\u00e9 des villageois, nous vous invitons, \u00e0 l\u2019aller comme au retour, \u00e0 respecter les limitations de vitesse et \u00e0 suivre scrupuleusement les panneaux de signalisation mis en place par la commune. Ils vous conduiront \u00e0 bon port, sans perte de temps. Et lors du retour du Parc, il est tout aussi important de suivre les panneaux directionnels plut\u00f4t que votre GPS ou Waze. Ici \u00e9galement, votre trajet n\u2019en sera que plus court et plus agr\u00e9able, et nos voisins pourront b\u00e9n\u00e9ficier d\u2019une l\u00e9gitime tranquillit\u00e9. Merci pour nos voisins.<\/em><\/p>\n<\/div><div class=\"fusion-separator fusion-full-width-sep\" style=\"align-self: center;margin-left: auto;margin-right: auto;margin-bottom:35px;width:100%;\"><\/div><div class=\"fusion-title title fusion-title-5 fusion-sep-none fusion-title-text fusion-title-size-three\" style=\"--awb-text-color:#a11128;--awb-margin-top:0px;\"><h3 class=\"fusion-title-heading title-heading-left md-text-align-center fusion-responsive-typography-calculated\" style=\"margin:0;--fontSize:27;line-height:1.3;\">Acc\u00e8s au Parc en train<\/h3><\/div><div class=\"fusion-text fusion-text-4\"><p>Pairi Daiza se trouve \u00e0 proximit\u00e9 de la gare de Cambron-Casteau, sur la ligne Mons-Ath.<\/p>\n<p>Un parcours pi\u00e9ton est balis\u00e9 et permet d&rsquo;acc\u00e9der au domaine en quelques minutes seulement.<\/p>\n<\/div><div class=\"fusion-separator fusion-full-width-sep\" style=\"align-self: center;margin-left: auto;margin-right: auto;margin-bottom:35px;width:100%;\"><\/div><div class=\"fusion-title title fusion-title-6 fusion-sep-none fusion-title-text fusion-title-size-three\" style=\"--awb-text-color:#a11128;--awb-margin-top:0px;\"><h3 class=\"fusion-title-heading title-heading-left md-text-align-center fusion-responsive-typography-calculated\" style=\"margin:0;--fontSize:27;line-height:1.3;\">Animations zoologiques pr\u00e9vues par le parc<\/h3><\/div><div class=\"fusion-text fusion-text-5\"><ul>\n<li>10h00 Nourrissage des loriquets<\/li>\n<li>10h30\u00a0Nourrissage des Ours noirs<\/li>\n<li>13h30 Nourrissage des gorilles<\/li>\n<li>14h30 Nourrissage des \u00e9l\u00e9phants d\u2019Asie<\/li>\n<li>15h00 Nourrissage des hippopotames<\/li>\n<li>15h30 Nourrissage des loriquets<\/li>\n<li>15h45 Nourrissage des l\u00e9muriens<\/li>\n<li>16h00 Nourrissage des otaries de Steller<\/li>\n<\/ul>\n<\/div><\/div><\/div><\/div><\/div>\n","protected":false},"excerpt":{"rendered":"","protected":false},"author":1,"featured_media":0,"parent":0,"menu_order":0,"comment_status":"closed","ping_status":"closed","template":"100-width.php","meta":{"footnotes":""},"class_list":["post-3777","page","type-page","status-publish","hentry"],"_links":{"self":[{"href":"https:\/\/familyday.faba.be\/fr\/wp-json\/wp\/v2\/pages\/3777","targetHints":{"allow":["GET"]}}],"collection":[{"href":"https:\/\/familyday.faba.be\/fr\/wp-json\/wp\/v2\/pages"}],"about":[{"href":"https:\/\/familyday.faba.be\/fr\/wp-json\/wp\/v2\/types\/page"}],"author":[{"embeddable":true,"href":"https:\/\/familyday.faba.be\/fr\/wp-json\/wp\/v2\/users\/1"}],"replies":[{"embeddable":true,"href":"https:\/\/familyday.faba.be\/fr\/wp-json\/wp\/v2\/comments?post=3777"}],"version-history":[{"count":0,"href":"https:\/\/familyday.faba.be\/fr\/wp-json\/wp\/v2\/pages\/3777\/revisions"}],"wp:attachment":[{"href":"https:\/\/familyday.faba.be\/fr\/wp-json\/wp\/v2\/media?parent=3777"}],"curies":[{"name":"wp","href":"https:\/\/api.w.org\/{rel}","templated":true}]}}