{"id":37,"date":"2021-06-04T00:14:59","date_gmt":"2021-06-04T00:14:59","guid":{"rendered":"https:\/\/familyday.faba.be\/?page_id=37"},"modified":"2024-08-12T11:44:02","modified_gmt":"2024-08-12T11:44:02","slug":"programme","status":"publish","type":"page","link":"https:\/\/familyday.faba.be\/fr\/programme\/","title":{"rendered":"Programme"},"content":{"rendered":"<div class=\"fusion-fullwidth fullwidth-box fusion-builder-row-1 fusion-flex-container nonhundred-percent-fullwidth non-hundred-percent-height-scrolling\" style=\"--awb-border-radius-top-left:0px;--awb-border-radius-top-right:0px;--awb-border-radius-bottom-right:0px;--awb-border-radius-bottom-left:0px;--awb-padding-top:6%;--awb-padding-bottom:6%;--awb-flex-wrap:wrap;\" ><div class=\"fusion-builder-row fusion-row fusion-flex-align-items-center fusion-flex-content-wrap\" style=\"max-width:1331.2px;margin-left: calc(-4% \/ 2 );margin-right: calc(-4% \/ 2 );\"><div class=\"fusion-layout-column fusion_builder_column fusion-builder-column-0 fusion_builder_column_1_1 1_1 fusion-flex-column\" style=\"--awb-bg-size:cover;--awb-width-large:100%;--awb-margin-top-large:20px;--awb-spacing-right-large:1.92%;--awb-margin-bottom-large:20px;--awb-spacing-left-large:1.92%;--awb-width-medium:100%;--awb-spacing-right-medium:1.92%;--awb-spacing-left-medium:1.92%;--awb-width-small:100%;--awb-spacing-right-small:1.92%;--awb-spacing-left-small:1.92%;\"><div class=\"fusion-column-wrapper fusion-column-has-shadow fusion-flex-justify-content-center fusion-content-layout-column\"><div class=\"fusion-title title fusion-title-1 fusion-sep-none fusion-title-text fusion-title-size-two\" style=\"--awb-text-color:#a11128;--awb-margin-top:0px;\"><h2 class=\"fusion-title-heading title-heading-left md-text-align-center fusion-responsive-typography-calculated\" style=\"margin:0;--fontSize:60;line-height:1.18;\">Programme \u2013 samedi 24 ao\u00fbt 2024<\/h2><\/div><ul style=\"--awb-line-height:27.2px;--awb-icon-width:27.2px;--awb-icon-height:27.2px;--awb-icon-margin:11.2px;--awb-content-margin:38.4px;--awb-circlecolor:#a11128;--awb-circle-yes-font-size:14.08px;\" class=\"fusion-checklist fusion-checklist-1 fusion-checklist-default fusion-checklist-divider type-icons\"><li class=\"fusion-li-item\" style=\"\"><span class=\"icon-wrapper circle-yes\"><i class=\"fusion-li-icon fa-clock fas\" aria-hidden=\"true\"><\/i><\/span><div class=\"fusion-li-item-content\">\n<p><strong>09h00 &#8211; 10h30 Accueil<\/strong><\/p>\n<ul>\n<li>Vous pouvez retirer vos tickets (parking + entr\u00e9es) au point ACCUEIL FEGC situ\u00e9 sur le parking pr\u00e8s de l&rsquo;entr\u00e9e du parc \u00e0 partir de 9h<\/li>\n<li>Toute personne arrivant apr\u00e8s 10h30 peut aller chercher ses tickets au point d\u2019information de Pairi Daiza<br \/>\n(le point ticketing est situ\u00e9 \u00e0 gauche de l\u2019entr\u00e9e principale de Pairi Daiza).<\/li>\n<\/ul>\n<\/div><\/li><li class=\"fusion-li-item\" style=\"\"><span class=\"icon-wrapper circle-yes\"><i class=\"fusion-li-icon fa-clock fas\" aria-hidden=\"true\"><\/i><\/span><div class=\"fusion-li-item-content\">\n<p><strong>9h30 &#8211; 19h00 Acc\u00e8s libre au parc<\/strong><\/p>\n<\/div><\/li><li class=\"fusion-li-item\" style=\"\"><span class=\"icon-wrapper circle-yes\"><i class=\"fusion-li-icon fa-clock fas\" aria-hidden=\"true\"><\/i><\/span><div class=\"fusion-li-item-content\">\n<p><strong>11h45 &#8211; 14h30<\/strong>\u00a0<strong>Lunch commun dans le D\u00f4me<br \/>\n<\/strong><\/p>\n<p><em>Au menu : ap\u00e9ritif, buffet cuisines du monde et desserts. Boissons \u00e0 volont\u00e9.<\/em><\/p>\n<p><img decoding=\"async\" class=\"size-full wp-image-3729 alignnone\" src=\"https:\/\/familyday.faba.be\/wp-content\/uploads\/2024\/04\/formule.png\" alt=\"\" width=\"569\" height=\"198\" srcset=\"https:\/\/familyday.faba.be\/wp-content\/uploads\/2024\/04\/formule-200x70.png 200w, https:\/\/familyday.faba.be\/wp-content\/uploads\/2024\/04\/formule-300x104.png 300w, https:\/\/familyday.faba.be\/wp-content\/uploads\/2024\/04\/formule-400x139.png 400w, https:\/\/familyday.faba.be\/wp-content\/uploads\/2024\/04\/formule-500x174.png 500w, https:\/\/familyday.faba.be\/wp-content\/uploads\/2024\/04\/formule.png 569w\" sizes=\"(max-width: 569px) 100vw, 569px\" \/><\/p>\n<\/div><\/li><li class=\"fusion-li-item\" style=\"\"><span class=\"icon-wrapper circle-yes\"><i class=\"fusion-li-icon fa-clock fas\" aria-hidden=\"true\"><\/i><\/span><div class=\"fusion-li-item-content\">\n<p><strong>12h15 Discours de M. Patrice Dresse &#8211; Directeur G\u00e9n\u00e9ral FEGC<\/strong><\/p>\n<\/div><\/li><li class=\"fusion-li-item\" style=\"\"><span class=\"icon-wrapper circle-yes\"><i class=\"fusion-li-icon fa-clock fas\" aria-hidden=\"true\"><\/i><\/span><div class=\"fusion-li-item-content\"><strong>19h00 Fin d\u2019une excellente journ\u00e9e familiale<\/strong><\/div><\/li><\/ul><div class=\"fusion-separator fusion-full-width-sep\" style=\"align-self: center;margin-left: auto;margin-right: auto;margin-bottom:35px;width:100%;\"><\/div><div class=\"fusion-image-element \" style=\"--awb-caption-title-font-family:var(--h2_typography-font-family);--awb-caption-title-font-weight:var(--h2_typography-font-weight);--awb-caption-title-font-style:var(--h2_typography-font-style);--awb-caption-title-size:var(--h2_typography-font-size);--awb-caption-title-transform:var(--h2_typography-text-transform);--awb-caption-title-line-height:var(--h2_typography-line-height);--awb-caption-title-letter-spacing:var(--h2_typography-letter-spacing);\"><span class=\" fusion-imageframe imageframe-none imageframe-1 hover-type-none\"><a href=\"https:\/\/familyday.faba.be\/wp-content\/uploads\/2024\/04\/plan.jpg\" class=\"fusion-lightbox\" data-rel=\"iLightbox[f953b8da0e409d39284]\" data-title=\"plan\" title=\"plan\"><img decoding=\"async\" width=\"800\" height=\"567\" src=\"https:\/\/familyday.faba.be\/wp-content\/uploads\/2024\/04\/plan-800x567.jpg\" alt class=\"img-responsive wp-image-3731\" srcset=\"https:\/\/familyday.faba.be\/wp-content\/uploads\/2024\/04\/plan-200x142.jpg 200w, https:\/\/familyday.faba.be\/wp-content\/uploads\/2024\/04\/plan-400x284.jpg 400w, https:\/\/familyday.faba.be\/wp-content\/uploads\/2024\/04\/plan-600x426.jpg 600w, https:\/\/familyday.faba.be\/wp-content\/uploads\/2024\/04\/plan-800x567.jpg 800w, https:\/\/familyday.faba.be\/wp-content\/uploads\/2024\/04\/plan-1200x851.jpg 1200w, https:\/\/familyday.faba.be\/wp-content\/uploads\/2024\/04\/plan.jpg 1386w\" sizes=\"(max-width: 1024px) 100vw, (max-width: 640px) 100vw, 800px\" \/><\/a><\/span><\/div><\/div><\/div><\/div><\/div>\n","protected":false},"excerpt":{"rendered":"","protected":false},"author":1,"featured_media":0,"parent":0,"menu_order":0,"comment_status":"closed","ping_status":"closed","template":"100-width.php","meta":{"footnotes":""},"class_list":["post-37","page","type-page","status-publish","hentry"],"_links":{"self":[{"href":"https:\/\/familyday.faba.be\/fr\/wp-json\/wp\/v2\/pages\/37","targetHints":{"allow":["GET"]}}],"collection":[{"href":"https:\/\/familyday.faba.be\/fr\/wp-json\/wp\/v2\/pages"}],"about":[{"href":"https:\/\/familyday.faba.be\/fr\/wp-json\/wp\/v2\/types\/page"}],"author":[{"embeddable":true,"href":"https:\/\/familyday.faba.be\/fr\/wp-json\/wp\/v2\/users\/1"}],"replies":[{"embeddable":true,"href":"https:\/\/familyday.faba.be\/fr\/wp-json\/wp\/v2\/comments?post=37"}],"version-history":[{"count":0,"href":"https:\/\/familyday.faba.be\/fr\/wp-json\/wp\/v2\/pages\/37\/revisions"}],"wp:attachment":[{"href":"https:\/\/familyday.faba.be\/fr\/wp-json\/wp\/v2\/media?parent=37"}],"curies":[{"name":"wp","href":"https:\/\/api.w.org\/{rel}","templated":true}]}}